{"id":1677,"date":"2023-12-05T06:10:24","date_gmt":"2023-12-05T06:10:24","guid":{"rendered":"https:\/\/themejunction.net\/wp\/rafter\/?page_id=1677"},"modified":"2025-10-31T03:04:20","modified_gmt":"2025-10-31T03:04:20","slug":"services-01","status":"publish","type":"page","link":"https:\/\/noel-couverture-facade.com\/?page_id=1677","title":{"rendered":"Nos services"},"content":{"rendered":"\t\t<div data-elementor-type=\"wp-page\" data-elementor-id=\"1677\" class=\"elementor elementor-1677\">\n\t\t\t\t\t\t<section class=\"elementor-section elementor-top-section elementor-element elementor-element-04baffd elementor-section-boxed elementor-section-height-default elementor-section-height-default\" data-id=\"04baffd\" data-element_type=\"section\">\n\t\t\t\t\t\t<div class=\"elementor-container elementor-column-gap-default\">\n\t\t\t\t\t<div class=\"elementor-column elementor-col-100 elementor-top-column elementor-element elementor-element-2efe801\" data-id=\"2efe801\" data-element_type=\"column\">\n\t\t\t<div class=\"elementor-widget-wrap elementor-element-populated\">\n\t\t\t\t\t\t<div class=\"elementor-element elementor-element-8f618dc tj_section_align elementor-align-center elementor-widget__width-initial elementor-widget elementor-widget-tj-section-title\" data-id=\"8f618dc\" data-element_type=\"widget\" data-widget_type=\"tj-section-title.default\">\n\t\t\t\t<div class=\"elementor-widget-container\">\n\t\t\t\t\t\r\n<div class=\"section__heading\">\r\n\r\n      <h4 class=\"section_sub__title\">Notre expertise \u00e0 votre service<\/h4>\r\n  \r\n  <h2 class=\"section_title\">Nous offrons des services de toiture de qualit\u00e9, alliant savoir-faire, durabilit\u00e9 et esth\u00e9tique pour prot\u00e9ger votre habitation.<\/h2>\r\n      <div class=\"content\">\r\n      Besoin d\u2019un nettoyage, d\u2019une r\u00e9novation ou d\u2019une intervention sur votre toiture ?\nContactez notre \u00e9quipe d\u00e8s aujourd\u2019hui ! Nous vous conseillons gratuitement et r\u00e9alisons un devis personnalis\u00e9 sans engagement. \nVotre toiture m\u00e9rite le meilleur soin !    <\/div>\r\n  <\/div>\r\n\r\n\t\t\t\t<\/div>\n\t\t\t\t<\/div>\n\t\t\t\t<div class=\"elementor-element elementor-element-cd36db0 elementor-widget elementor-widget-tj-services-layout\" data-id=\"cd36db0\" data-element_type=\"widget\" data-widget_type=\"tj-services-layout.default\">\n\t\t\t\t<div class=\"elementor-widget-container\">\n\t\t\t\t\t<!-- Quality service section start -->\r\n<div class=\"superior_service-wrapper\">\r\n      <div class=\"row\">\r\n              <div class=\"col-lg-6\">\r\n          <div class=\"single-quality single-quality-2 d-flex justify-content-start  wow fadeInUp \" data-wow-delay=\"300ms\">\r\n\r\n                          <div class=\"tj-service-img\">\r\n                <img fetchpriority=\"high\" decoding=\"async\" width=\"640\" height=\"480\" src=\"https:\/\/noel-couverture-facade.com\/wp-content\/uploads\/2025\/11\/Isolation-1024x768.png\" class=\"attachment-large size-large wp-post-image\" alt=\"\" srcset=\"https:\/\/noel-couverture-facade.com\/wp-content\/uploads\/2025\/11\/Isolation-1024x768.png 1024w, https:\/\/noel-couverture-facade.com\/wp-content\/uploads\/2025\/11\/Isolation-300x225.png 300w, https:\/\/noel-couverture-facade.com\/wp-content\/uploads\/2025\/11\/Isolation-768x576.png 768w, https:\/\/noel-couverture-facade.com\/wp-content\/uploads\/2025\/11\/Isolation.png 1360w\" sizes=\"(max-width: 640px) 100vw, 640px\" \/>                                  <div class=\"shape__element\">\r\n                    <svg xmlns=\"http:\/\/www.w3.org\/2000\/svg\" width=\"70\" height=\"361\" viewBox=\"0 0 70 361\" fill=\"none\">\r\n                      <path class=\"color_shape\" fill-rule=\"evenodd\" clip-rule=\"evenodd\" d=\"M42.8201 360.5L33.9952 345.5C25.1702 330.5 7.52033 300.5 9.28533 270.5C11.0503 240.5 32.2302 210.5 30.4652 180.5C28.7002 150.5 3.99033 120.5 0.460426 90.5C-3.06957 60.5 14.5803 30.5 23.4052 15.5L32.2302 0.5H64V15.5C64 30.5 64 60.5 64 90.5C64 120.5 64 150.5 64 180.5C64 210.5 64 240.5 64 270.5C64 300.5 64 330.5 64 345.5V360.5H42.8201Z\" fill=\"#EA1826\" \/>\r\n                      <path fill-rule=\"evenodd\" clip-rule=\"evenodd\" d=\"M49.482 360.5L40.9328 345.5C32.3836 330.5 15.2853 300.5 16.9951 270.5C18.705 240.5 39.223 210.5 37.5131 180.5C35.8033 150.5 11.8656 120.5 8.44603 90.5C5.02633 60.5 22.1246 30.5 30.6738 15.5L39.223 0.5H70V15.5C70 30.5 70 60.5 70 90.5C70 120.5 70 150.5 70 180.5C70 210.5 70 240.5 70 270.5C70 300.5 70 330.5 70 345.5V360.5H49.482Z\" fill=\"white\" \/>\r\n                    <\/svg>\r\n                  <\/div>\r\n                              <\/div>\r\n            \r\n            <div class=\"tj-content text-start\">\r\n\r\n                                <div class=\"icon\">\r\n                    <i class=\"flaticon-roof-3\"><\/i>\r\n                  <\/div>\r\n              \r\n              <h3 class=\"service__title\">\r\n                <a href=\"https:\/\/noel-couverture-facade.com\/?services=isolation-des-combles\">\r\n                  Isolation des combles                <\/a>\r\n              <\/h3>\r\n\r\n                              <p>Confort, \u00e9conomies et performance \u00e9nerg\u00e9tique Am\u00e9liorez le confort de votre habitation tout en r\u00e9duisant vos factures d\u2019\u00e9nergie gr\u00e2ce \u00e0 notre...<\/p>\r\n              \r\n\r\n              \r\n                                    <div class=\"roof-element\">\r\n                      <i class=\"flaticon-roof-3\"><\/i>\r\n                    <\/div>\r\n                                          <\/div>\r\n          <\/div>\r\n        <\/div>\r\n              <div class=\"col-lg-6\">\r\n          <div class=\"single-quality single-quality-2 d-flex justify-content-start  wow fadeInUp \" data-wow-delay=\"400ms\">\r\n\r\n                          <div class=\"tj-service-img\">\r\n                <img decoding=\"async\" width=\"640\" height=\"480\" src=\"https:\/\/noel-couverture-facade.com\/wp-content\/uploads\/2025\/11\/ramonage-1024x768.png\" class=\"attachment-large size-large wp-post-image\" alt=\"\" srcset=\"https:\/\/noel-couverture-facade.com\/wp-content\/uploads\/2025\/11\/ramonage-1024x768.png 1024w, https:\/\/noel-couverture-facade.com\/wp-content\/uploads\/2025\/11\/ramonage-300x225.png 300w, https:\/\/noel-couverture-facade.com\/wp-content\/uploads\/2025\/11\/ramonage-768x576.png 768w, https:\/\/noel-couverture-facade.com\/wp-content\/uploads\/2025\/11\/ramonage.png 1360w\" sizes=\"(max-width: 640px) 100vw, 640px\" \/>                                  <div class=\"shape__element\">\r\n                    <svg xmlns=\"http:\/\/www.w3.org\/2000\/svg\" width=\"70\" height=\"361\" viewBox=\"0 0 70 361\" fill=\"none\">\r\n                      <path class=\"color_shape\" fill-rule=\"evenodd\" clip-rule=\"evenodd\" d=\"M42.8201 360.5L33.9952 345.5C25.1702 330.5 7.52033 300.5 9.28533 270.5C11.0503 240.5 32.2302 210.5 30.4652 180.5C28.7002 150.5 3.99033 120.5 0.460426 90.5C-3.06957 60.5 14.5803 30.5 23.4052 15.5L32.2302 0.5H64V15.5C64 30.5 64 60.5 64 90.5C64 120.5 64 150.5 64 180.5C64 210.5 64 240.5 64 270.5C64 300.5 64 330.5 64 345.5V360.5H42.8201Z\" fill=\"#EA1826\" \/>\r\n                      <path fill-rule=\"evenodd\" clip-rule=\"evenodd\" d=\"M49.482 360.5L40.9328 345.5C32.3836 330.5 15.2853 300.5 16.9951 270.5C18.705 240.5 39.223 210.5 37.5131 180.5C35.8033 150.5 11.8656 120.5 8.44603 90.5C5.02633 60.5 22.1246 30.5 30.6738 15.5L39.223 0.5H70V15.5C70 30.5 70 60.5 70 90.5C70 120.5 70 150.5 70 180.5C70 210.5 70 240.5 70 270.5C70 300.5 70 330.5 70 345.5V360.5H49.482Z\" fill=\"white\" \/>\r\n                    <\/svg>\r\n                  <\/div>\r\n                              <\/div>\r\n            \r\n            <div class=\"tj-content text-start\">\r\n\r\n                                <div class=\"icon\">\r\n                    <i class=\"flaticon-roof-2\"><\/i>\r\n                  <\/div>\r\n              \r\n              <h3 class=\"service__title\">\r\n                <a href=\"https:\/\/noel-couverture-facade.com\/?services=ramonage-de-cheminee\">\r\n                  Ramonage de chemin\u00e9e                <\/a>\r\n              <\/h3>\r\n\r\n                              <p>S\u00e9curit\u00e9, performance et tranquillit\u00e9 Assurez le bon fonctionnement de votre installation avec notre service professionnel de ramonage de chemin\u00e9e. Nous...<\/p>\r\n              \r\n\r\n              \r\n                                    <div class=\"roof-element\">\r\n                      <i class=\"flaticon-roof-2\"><\/i>\r\n                    <\/div>\r\n                                          <\/div>\r\n          <\/div>\r\n        <\/div>\r\n              <div class=\"col-lg-6\">\r\n          <div class=\"single-quality single-quality-2 d-flex justify-content-start flex-row-reverse wow fadeInUp \" data-wow-delay=\"500ms\">\r\n\r\n                          <div class=\"tj-service-img\">\r\n                <img decoding=\"async\" width=\"640\" height=\"537\" src=\"https:\/\/noel-couverture-facade.com\/wp-content\/uploads\/2023\/09\/couverture.jpg\" class=\"attachment-large size-large wp-post-image\" alt=\"\" srcset=\"https:\/\/noel-couverture-facade.com\/wp-content\/uploads\/2023\/09\/couverture.jpg 834w, https:\/\/noel-couverture-facade.com\/wp-content\/uploads\/2023\/09\/couverture-300x252.jpg 300w, https:\/\/noel-couverture-facade.com\/wp-content\/uploads\/2023\/09\/couverture-768x645.jpg 768w\" sizes=\"(max-width: 640px) 100vw, 640px\" \/>                                  <div class=\"shape__element\">\r\n                    <svg xmlns=\"http:\/\/www.w3.org\/2000\/svg\" width=\"70\" height=\"361\" viewBox=\"0 0 70 361\" fill=\"none\">\r\n                      <path class=\"color_shape\" fill-rule=\"evenodd\" clip-rule=\"evenodd\" d=\"M27.1799 0.500138L36.0048 15.5002C44.8298 30.5002 62.4797 60.5002 60.7147 90.5001C58.9497 120.5 37.7698 150.5 39.5348 180.5C41.2998 210.5 66.0097 240.5 69.5396 270.5C73.0696 300.5 55.4197 330.5 46.5948 345.5L37.7698 360.5H6V345.5C6 330.5 6 300.5 6 270.5C6 240.5 6 210.5 6 180.5C6 150.5 6 120.5 6 90.5001C6 60.5002 6 30.5002 6 15.5002V0.500138H27.1799Z\" fill=\"#EA1826\" \/>\r\n                      <path fill-rule=\"evenodd\" clip-rule=\"evenodd\" d=\"M20.518 0.5L29.0672 15.5C37.6164 30.5001 54.7147 60.5 53.0049 90.5C51.295 120.499 30.777 150.5 32.4869 180.5C34.1967 210.499 58.1344 240.5 61.554 270.5C64.9737 300.499 47.8754 330.5 39.3262 345.5L30.777 360.5H0V345.5C0 330.5 0 300.499 0 270.5C0 240.5 0 210.499 0 180.5C0 150.5 0 120.499 0 90.5C0 60.5 0 30.5001 0 15.5V0.5H20.518Z\" fill=\"white\" \/>\r\n                    <\/svg>\r\n                  <\/div>\r\n                              <\/div>\r\n            \r\n            <div class=\"tj-content text-start\">\r\n\r\n                                <div class=\"icon\">\r\n                    <i class=\"flaticon-roof-3\"><\/i>\r\n                  <\/div>\r\n              \r\n              <h3 class=\"service__title\">\r\n                <a href=\"https:\/\/noel-couverture-facade.com\/?services=roof-installation\">\r\n                  Couverture                <\/a>\r\n              <\/h3>\r\n\r\n                              <p>La pose d\u2019un rev\u00eatement de toiture n'est pas une \u00e9tape anodine dans la construction de votre logement. Les enjeux sont...<\/p>\r\n              \r\n\r\n              \r\n                                    <div class=\"roof-element\">\r\n                      <i class=\"flaticon-roof-3\"><\/i>\r\n                    <\/div>\r\n                                          <\/div>\r\n          <\/div>\r\n        <\/div>\r\n              <div class=\"col-lg-6\">\r\n          <div class=\"single-quality single-quality-2 d-flex justify-content-start flex-row-reverse wow fadeInUp \" data-wow-delay=\"600ms\">\r\n\r\n                          <div class=\"tj-service-img\">\r\n                <img loading=\"lazy\" decoding=\"async\" width=\"640\" height=\"427\" src=\"https:\/\/noel-couverture-facade.com\/wp-content\/uploads\/2023\/09\/img-5.jpg\" class=\"attachment-large size-large wp-post-image\" alt=\"\" srcset=\"https:\/\/noel-couverture-facade.com\/wp-content\/uploads\/2023\/09\/img-5.jpg 1000w, https:\/\/noel-couverture-facade.com\/wp-content\/uploads\/2023\/09\/img-5-300x200.jpg 300w, https:\/\/noel-couverture-facade.com\/wp-content\/uploads\/2023\/09\/img-5-768x512.jpg 768w\" sizes=\"(max-width: 640px) 100vw, 640px\" \/>                                  <div class=\"shape__element\">\r\n                    <svg xmlns=\"http:\/\/www.w3.org\/2000\/svg\" width=\"70\" height=\"361\" viewBox=\"0 0 70 361\" fill=\"none\">\r\n                      <path class=\"color_shape\" fill-rule=\"evenodd\" clip-rule=\"evenodd\" d=\"M27.1799 0.500138L36.0048 15.5002C44.8298 30.5002 62.4797 60.5002 60.7147 90.5001C58.9497 120.5 37.7698 150.5 39.5348 180.5C41.2998 210.5 66.0097 240.5 69.5396 270.5C73.0696 300.5 55.4197 330.5 46.5948 345.5L37.7698 360.5H6V345.5C6 330.5 6 300.5 6 270.5C6 240.5 6 210.5 6 180.5C6 150.5 6 120.5 6 90.5001C6 60.5002 6 30.5002 6 15.5002V0.500138H27.1799Z\" fill=\"#EA1826\" \/>\r\n                      <path fill-rule=\"evenodd\" clip-rule=\"evenodd\" d=\"M20.518 0.5L29.0672 15.5C37.6164 30.5001 54.7147 60.5 53.0049 90.5C51.295 120.499 30.777 150.5 32.4869 180.5C34.1967 210.499 58.1344 240.5 61.554 270.5C64.9737 300.499 47.8754 330.5 39.3262 345.5L30.777 360.5H0V345.5C0 330.5 0 300.499 0 270.5C0 240.5 0 210.499 0 180.5C0 150.5 0 120.499 0 90.5C0 60.5 0 30.5001 0 15.5V0.5H20.518Z\" fill=\"white\" \/>\r\n                    <\/svg>\r\n                  <\/div>\r\n                              <\/div>\r\n            \r\n            <div class=\"tj-content text-start\">\r\n\r\n                                <div class=\"icon\">\r\n                    <i class=\"flaticon-broken-house\"><\/i>\r\n                  <\/div>\r\n              \r\n              <h3 class=\"service__title\">\r\n                <a href=\"https:\/\/noel-couverture-facade.com\/?services=roof-cornering\">\r\n                  Nettoyage d\u00e9moussage toiture                <\/a>\r\n              <\/h3>\r\n\r\n                              <p>Nous \u00e9liminons mousses, lichens et salissures pour prot\u00e9ger vos surfaces et prolonger leur dur\u00e9e de vie. Offrez \u00e0 votre maison...<\/p>\r\n              \r\n\r\n              \r\n                                    <div class=\"roof-element\">\r\n                      <i class=\"flaticon-broken-house\"><\/i>\r\n                    <\/div>\r\n                                          <\/div>\r\n          <\/div>\r\n        <\/div>\r\n              <div class=\"col-lg-6\">\r\n          <div class=\"single-quality single-quality-2 d-flex justify-content-start  wow fadeInUp \" data-wow-delay=\"700ms\">\r\n\r\n                          <div class=\"tj-service-img\">\r\n                <img loading=\"lazy\" decoding=\"async\" width=\"640\" height=\"853\" src=\"https:\/\/noel-couverture-facade.com\/wp-content\/uploads\/2025\/10\/2023-06-28.webp\" class=\"attachment-large size-large wp-post-image\" alt=\"\" srcset=\"https:\/\/noel-couverture-facade.com\/wp-content\/uploads\/2025\/10\/2023-06-28.webp 765w, https:\/\/noel-couverture-facade.com\/wp-content\/uploads\/2025\/10\/2023-06-28-225x300.webp 225w\" sizes=\"(max-width: 640px) 100vw, 640px\" \/>                                  <div class=\"shape__element\">\r\n                    <svg xmlns=\"http:\/\/www.w3.org\/2000\/svg\" width=\"70\" height=\"361\" viewBox=\"0 0 70 361\" fill=\"none\">\r\n                      <path class=\"color_shape\" fill-rule=\"evenodd\" clip-rule=\"evenodd\" d=\"M42.8201 360.5L33.9952 345.5C25.1702 330.5 7.52033 300.5 9.28533 270.5C11.0503 240.5 32.2302 210.5 30.4652 180.5C28.7002 150.5 3.99033 120.5 0.460426 90.5C-3.06957 60.5 14.5803 30.5 23.4052 15.5L32.2302 0.5H64V15.5C64 30.5 64 60.5 64 90.5C64 120.5 64 150.5 64 180.5C64 210.5 64 240.5 64 270.5C64 300.5 64 330.5 64 345.5V360.5H42.8201Z\" fill=\"#EA1826\" \/>\r\n                      <path fill-rule=\"evenodd\" clip-rule=\"evenodd\" d=\"M49.482 360.5L40.9328 345.5C32.3836 330.5 15.2853 300.5 16.9951 270.5C18.705 240.5 39.223 210.5 37.5131 180.5C35.8033 150.5 11.8656 120.5 8.44603 90.5C5.02633 60.5 22.1246 30.5 30.6738 15.5L39.223 0.5H70V15.5C70 30.5 70 60.5 70 90.5C70 120.5 70 150.5 70 180.5C70 210.5 70 240.5 70 270.5C70 300.5 70 330.5 70 345.5V360.5H49.482Z\" fill=\"white\" \/>\r\n                    <\/svg>\r\n                  <\/div>\r\n                              <\/div>\r\n            \r\n            <div class=\"tj-content text-start\">\r\n\r\n                                <div class=\"icon\">\r\n                    <i class=\"flaticon-roof-1\"><\/i>\r\n                  <\/div>\r\n              \r\n              <h3 class=\"service__title\">\r\n                <a href=\"https:\/\/noel-couverture-facade.com\/?services=roof-frame-design\">\r\n                  Traitement hydrofuge et peinture                <\/a>\r\n              <\/h3>\r\n\r\n                              <p>Prot\u00e9gez et embellissez durablement vos surfaces avec notre traitement hydrofuge et peinture professionnelle. Nos experts interviennent pour imperm\u00e9abiliser vos toitures...<\/p>\r\n              \r\n\r\n              \r\n                                    <div class=\"roof-element\">\r\n                      <i class=\"flaticon-roof-1\"><\/i>\r\n                    <\/div>\r\n                                          <\/div>\r\n          <\/div>\r\n        <\/div>\r\n              <div class=\"col-lg-6\">\r\n          <div class=\"single-quality single-quality-2 d-flex justify-content-start  wow fadeInUp \" data-wow-delay=\"800ms\">\r\n\r\n                          <div class=\"tj-service-img\">\r\n                <img loading=\"lazy\" decoding=\"async\" width=\"640\" height=\"480\" src=\"https:\/\/noel-couverture-facade.com\/wp-content\/uploads\/2023\/09\/img-14.jpg\" class=\"attachment-large size-large wp-post-image\" alt=\"\" srcset=\"https:\/\/noel-couverture-facade.com\/wp-content\/uploads\/2023\/09\/img-14.jpg 933w, https:\/\/noel-couverture-facade.com\/wp-content\/uploads\/2023\/09\/img-14-300x225.jpg 300w, https:\/\/noel-couverture-facade.com\/wp-content\/uploads\/2023\/09\/img-14-768x576.jpg 768w\" sizes=\"(max-width: 640px) 100vw, 640px\" \/>                                  <div class=\"shape__element\">\r\n                    <svg xmlns=\"http:\/\/www.w3.org\/2000\/svg\" width=\"70\" height=\"361\" viewBox=\"0 0 70 361\" fill=\"none\">\r\n                      <path class=\"color_shape\" fill-rule=\"evenodd\" clip-rule=\"evenodd\" d=\"M42.8201 360.5L33.9952 345.5C25.1702 330.5 7.52033 300.5 9.28533 270.5C11.0503 240.5 32.2302 210.5 30.4652 180.5C28.7002 150.5 3.99033 120.5 0.460426 90.5C-3.06957 60.5 14.5803 30.5 23.4052 15.5L32.2302 0.5H64V15.5C64 30.5 64 60.5 64 90.5C64 120.5 64 150.5 64 180.5C64 210.5 64 240.5 64 270.5C64 300.5 64 330.5 64 345.5V360.5H42.8201Z\" fill=\"#EA1826\" \/>\r\n                      <path fill-rule=\"evenodd\" clip-rule=\"evenodd\" d=\"M49.482 360.5L40.9328 345.5C32.3836 330.5 15.2853 300.5 16.9951 270.5C18.705 240.5 39.223 210.5 37.5131 180.5C35.8033 150.5 11.8656 120.5 8.44603 90.5C5.02633 60.5 22.1246 30.5 30.6738 15.5L39.223 0.5H70V15.5C70 30.5 70 60.5 70 90.5C70 120.5 70 150.5 70 180.5C70 210.5 70 240.5 70 270.5C70 300.5 70 330.5 70 345.5V360.5H49.482Z\" fill=\"white\" \/>\r\n                    <\/svg>\r\n                  <\/div>\r\n                              <\/div>\r\n            \r\n            <div class=\"tj-content text-start\">\r\n\r\n                                <div class=\"icon\">\r\n                    <i class=\"flaticon-roof\"><\/i>\r\n                  <\/div>\r\n              \r\n              <h3 class=\"service__title\">\r\n                <a href=\"https:\/\/noel-couverture-facade.com\/?services=roof-layer-fixing\">\r\n                  Ravalement de fa\u00e7ade                <\/a>\r\n              <\/h3>\r\n\r\n                              <p>Redonnez vie \u00e0 vos murs ext\u00e9rieurs ! Nous r\u00e9alisons le ravalement complet de vos fa\u00e7ades : nettoyage, r\u00e9paration, traitement et...<\/p>\r\n              \r\n\r\n              \r\n                                    <div class=\"roof-element\">\r\n                      <i class=\"flaticon-roof\"><\/i>\r\n                    <\/div>\r\n                                          <\/div>\r\n          <\/div>\r\n        <\/div>\r\n          <\/div>\r\n  <\/div>\r\n<!-- Quality service section end -->\r\n\r\n\t\t\t\t<\/div>\n\t\t\t\t<\/div>\n\t\t\t\t\t<\/div>\n\t\t<\/div>\n\t\t\t\t\t<\/div>\n\t\t<\/section>\n\t\t\t\t<\/div>\n\t\t","protected":false},"excerpt":{"rendered":"<p>Notre expertise \u00e0 votre service Nous offrons des services de toiture de qualit\u00e9, alliant savoir-faire, durabilit\u00e9 et esth\u00e9tique pour prot\u00e9ger votre habitation. Besoin d\u2019un nettoyage, d\u2019une r\u00e9novation ou d\u2019une intervention sur votre toiture ? Contactez notre \u00e9quipe d\u00e8s aujourd\u2019hui ! Nous vous conseillons gratuitement et r\u00e9alisons un devis personnalis\u00e9 sans engagement. Votre toiture m\u00e9rite le [&hellip;]<\/p>\n","protected":false},"author":1,"featured_media":0,"parent":0,"menu_order":0,"comment_status":"closed","ping_status":"closed","template":"elementor_header_footer","meta":{"_acf_changed":false,"footnotes":""},"class_list":["post-1677","page","type-page","status-publish","hentry"],"acf":[],"aioseo_notices":[],"_links":{"self":[{"href":"https:\/\/noel-couverture-facade.com\/index.php?rest_route=\/wp\/v2\/pages\/1677","targetHints":{"allow":["GET"]}}],"collection":[{"href":"https:\/\/noel-couverture-facade.com\/index.php?rest_route=\/wp\/v2\/pages"}],"about":[{"href":"https:\/\/noel-couverture-facade.com\/index.php?rest_route=\/wp\/v2\/types\/page"}],"author":[{"embeddable":true,"href":"https:\/\/noel-couverture-facade.com\/index.php?rest_route=\/wp\/v2\/users\/1"}],"replies":[{"embeddable":true,"href":"https:\/\/noel-couverture-facade.com\/index.php?rest_route=%2Fwp%2Fv2%2Fcomments&post=1677"}],"version-history":[{"count":7,"href":"https:\/\/noel-couverture-facade.com\/index.php?rest_route=\/wp\/v2\/pages\/1677\/revisions"}],"predecessor-version":[{"id":2479,"href":"https:\/\/noel-couverture-facade.com\/index.php?rest_route=\/wp\/v2\/pages\/1677\/revisions\/2479"}],"wp:attachment":[{"href":"https:\/\/noel-couverture-facade.com\/index.php?rest_route=%2Fwp%2Fv2%2Fmedia&parent=1677"}],"curies":[{"name":"wp","href":"https:\/\/api.w.org\/{rel}","templated":true}]}}