{"id":17,"date":"2023-08-23T08:59:09","date_gmt":"2023-08-23T08:59:09","guid":{"rendered":"https:\/\/themejunction.net\/wp\/rafter\/?page_id=17"},"modified":"2025-10-31T03:41:11","modified_gmt":"2025-10-31T03:41:11","slug":"about","status":"publish","type":"page","link":"https:\/\/noel-couverture-facade.com\/?page_id=17","title":{"rendered":"Qui sommes-nous?"},"content":{"rendered":"\t\t<div data-elementor-type=\"wp-page\" data-elementor-id=\"17\" class=\"elementor elementor-17\">\n\t\t\t\t\t\t<section class=\"elementor-section elementor-top-section elementor-element elementor-element-684eb3a elementor-section-content-middle elementor-section-boxed elementor-section-height-default elementor-section-height-default\" data-id=\"684eb3a\" data-element_type=\"section\" data-settings=\"{&quot;background_background&quot;:&quot;classic&quot;}\">\n\t\t\t\t\t\t<div class=\"elementor-container elementor-column-gap-default\">\n\t\t\t\t\t<div class=\"elementor-column elementor-col-50 elementor-top-column elementor-element elementor-element-9e9b1ba\" data-id=\"9e9b1ba\" data-element_type=\"column\">\n\t\t\t<div class=\"elementor-widget-wrap elementor-element-populated\">\n\t\t\t\t\t\t<div class=\"elementor-element elementor-element-52e4734 elementor-widget elementor-widget-tj-about-images\" data-id=\"52e4734\" data-element_type=\"widget\" data-widget_type=\"tj-about-images.default\">\n\t\t\t\t<div class=\"elementor-widget-container\">\n\t\t\t\t\t<!-- About section start -->\r\n<div class=\"about-wrapper about-image about-1\">\r\n\r\n  <div class=\"about-left overflow-hidden\">\r\n\r\n          <div class=\"bg-img\">\r\n        <img decoding=\"async\" src=\"http:\/\/noel-couverture-facade.com\/wp-content\/uploads\/2025\/10\/Photo-ETS-NOEL-AVEC-GARANTIE-DECENAL.png\" alt=\"\">\r\n      <\/div>\r\n    \r\n\r\n    <div class=\"funfact-home wow fadeInLeft \" data-wow-delay=\"500ms\">\r\n\r\n              <div class=\"icons\">\r\n          <i aria-hidden=\"true\" class=\"tj flaticon-roof-5\"><\/i>        <\/div>\r\n      \r\n      <div class=\"funfact\">\r\n                  <h2 class=\"funfact_count\"><span class=\"counter\">180<\/span>+<\/h2>\r\n                          <h5 class=\"fun_dec\">D\u00e9capages et R\u00e9parations<\/h5>\r\n              <\/div>\r\n    <\/div>\r\n\r\n    <div class=\"shape-element\">\r\n      <img decoding=\"async\" src=\"https:\/\/noel-couverture-facade.com\/wp-content\/themes\/rafter\/assets\/img\/svg\/about-one-line.svg\" alt=\"Shape\">\r\n    <\/div>\r\n  <\/div>\r\n<\/div>\r\n<!-- About section end -->\r\n\r\n\t\t\t\t<\/div>\n\t\t\t\t<\/div>\n\t\t\t\t\t<\/div>\n\t\t<\/div>\n\t\t\t\t<div class=\"elementor-column elementor-col-50 elementor-top-column elementor-element elementor-element-032e4f9\" data-id=\"032e4f9\" data-element_type=\"column\">\n\t\t\t<div class=\"elementor-widget-wrap elementor-element-populated\">\n\t\t\t\t\t\t<div class=\"elementor-element elementor-element-7d2ff05 elementor-widget elementor-widget-tj-about-content\" data-id=\"7d2ff05\" data-element_type=\"widget\" data-widget_type=\"tj-about-content.default\">\n\t\t\t\t<div class=\"elementor-widget-container\">\n\t\t\t\t\t<!-- About section start -->\r\n<div class=\"about-wrapper about-1 \">\r\n  <div class=\"about_right_widget\">\r\n    <div class=\"about-right\">\r\n      <div class=\"about__content\">\r\n        <div class=\"section__heading text-start wow fadeInUp \" data-wow-delay=\"300ms\">\r\n          <h2 class=\"section_title\">Services professionnels de toitures et fa\u00e7ades <span> depuis 10 ans <\/span><\/h2>                      <p>Avec ETS Noel, offrez une seconde jeunesse !\nSp\u00e9cialistes du nettoyage, du traitement et de la r\u00e9novation de toiture et fa\u00e7ade \u00e0 Ch\u00e2lons-en-Champagne, Reims et dans la Marne, nous sublimons et prot\u00e9geons vos surfaces avec des solutions durables, \u00e9cologiques et garanties.<\/p>\r\n                  <\/div>\r\n\r\n\r\n                  <div class=\"about__feature\">\r\n            <div class=\"row\">\r\n                              <div class=\"col-sm-6\">\r\n                  <div class=\"single-element wow fadeInUp \" data-wow-delay=\"500ms\">\r\n                                          <div class=\"icons\">\r\n                        <i aria-hidden=\"true\" class=\"flaticon-roof-1\"><\/i>                      <\/div>\r\n                                                              <div class=\"content\">\r\n                        <h5>Solution pour toiture r\u00e9sidentielle<\/h5>\r\n                      <\/div>\r\n                                      <\/div>\r\n                <\/div>\r\n                              <div class=\"col-sm-6\">\r\n                  <div class=\"single-element wow fadeInUp \" data-wow-delay=\"500ms\">\r\n                                          <div class=\"icons\">\r\n                        <i aria-hidden=\"true\" class=\"flaticon-building\"><\/i>                      <\/div>\r\n                                                              <div class=\"content\">\r\n                        <h5>Solution pour toitures commerciales<\/h5>\r\n                      <\/div>\r\n                                      <\/div>\r\n                <\/div>\r\n                          <\/div>\r\n          <\/div>\r\n        \r\n                  <p class=\"quote wow fadeInUp \" data-wow-delay=\"300ms\">Nous mettons notre expertise au service de la qualit\u00e9, de la fiabilit\u00e9 et de la satisfaction de nos clients.<\/p>\r\n              <\/div>\r\n\r\n          <\/div>\r\n\r\n  <\/div>\r\n<\/div>\r\n<!-- About section end -->\r\n\r\n\t\t\t\t<\/div>\n\t\t\t\t<\/div>\n\t\t\t\t\t<\/div>\n\t\t<\/div>\n\t\t\t\t\t<\/div>\n\t\t<\/section>\n\t\t\t\t<section class=\"elementor-section elementor-top-section elementor-element elementor-element-592e6d4 elementor-section-full_width elementor-section-height-default elementor-section-height-default\" data-id=\"592e6d4\" data-element_type=\"section\">\n\t\t\t\t\t\t<div class=\"elementor-container elementor-column-gap-default\">\n\t\t\t\t\t<div class=\"elementor-column elementor-col-100 elementor-top-column elementor-element elementor-element-f388bbd\" data-id=\"f388bbd\" data-element_type=\"column\">\n\t\t\t<div class=\"elementor-widget-wrap elementor-element-populated\">\n\t\t\t\t\t\t<div class=\"elementor-element elementor-element-f05f24b elementor-widget elementor-widget-tj-video\" data-id=\"f05f24b\" data-element_type=\"widget\" data-widget_type=\"tj-video.default\">\n\t\t\t\t<div class=\"elementor-widget-container\">\n\t\t\t\t\t\r\n<!-- Image area section start -->\r\n<section class=\"video-wrapper video-1\">\r\n  <div class=\"container-fluid\">\r\n    <div class=\"row\">\r\n      <div class=\"col-md-6 pe-md-0\">\r\n        <div class=\"single-video-content\">\r\n          <div class=\"video-popup wow fadeInLeft\" data-wow-delay=\".8s\">\r\n                          <span>visionnez notre vid\u00e9o<\/span>\r\n            \r\n            <div class=\"arrow\">\r\n              <!-- <img decoding=\"async\" src=\"https:\/\/noel-couverture-facade.com\/wp-content\/themes\/rafter\/assets\/img\/svg\/arrow.svg\" alt=\"arrow\"> -->\r\n            <\/div>\r\n\r\n                          <div class=\"video\"> <a href=\"http:\/\/noel-couverture-facade.com\/wp-content\/uploads\/2025\/10\/IMG_9776.mp4\" class=\"popup-video\"><i class=\"flaticon-play-buttton\"><\/i><\/a><\/div>\r\n                      <\/div>\r\n          <div class=\"video-content\">\r\n            <div class=\"section__heading wow fadeInUp \" data-wow-delay=\"300ms\">\r\n                              <h4 class=\"section_sub__title\">Notre expertise \u00e0 votre service<\/h4>\r\n              \r\n              <h2 class=\"section_title\">Des solutions pour tous les probl\u00e8mes de toiture<\/h2>            <\/div>\r\n\r\n                          <div class=\"video-work\">\r\n\r\n                                  <div class=\"service-content wow fadeInUp \" data-wow-delay=\"300ms\">\r\n                    <div class=\"service-icon\">\r\n                                              <div class=\"icons\">\r\n                          <i aria-hidden=\"true\" class=\"flaticon-phone-1\"><\/i>                        <\/div>\r\n                                          <\/div>\r\n                    <div class=\"content\">\r\n                                              <h4 class=\"service__content__title\">Intervention rapide \/ Assistance 24h\/24 7j\/7<\/h4>\r\n                      \r\n                                              <p>D\u00e9placement et devis gratuit dans toute la r\u00e9gion de la Marne. Appelez-nous !<\/p>\r\n                                          <\/div>\r\n                  <\/div>\r\n                              <\/div>\r\n                      <\/div>\r\n        <\/div>\r\n      <\/div>\r\n      <div class=\"col-md-6 ps-md-0 wow fadeInRight \" data-wow-delay=\"300ms\">\r\n        <div class=\"video-right bg-cover d-flex align-items-center justify-content-center\" data-bg-image=\"http:\/\/noel-couverture-facade.com\/wp-content\/uploads\/2025\/10\/2023-11-07.webp\" >\r\n          <div class=\"video-play-btn m-auto d-block d-md-none\">\r\n\r\n                          <a href=\"http:\/\/noel-couverture-facade.com\/wp-content\/uploads\/2025\/10\/IMG_9776.mp4\" class=\"play-video popup-video\">\r\n                <i class=\"fa-solid fa-play\"><\/i>\r\n              <\/a>\r\n            \r\n          <\/div>\r\n        <\/div>\r\n      <\/div>\r\n    <\/div>\r\n  <\/div>\r\n<\/section>\r\n<!-- Image area section End -->\r\n\r\n\t\t\t\t<\/div>\n\t\t\t\t<\/div>\n\t\t\t\t\t<\/div>\n\t\t<\/div>\n\t\t\t\t\t<\/div>\n\t\t<\/section>\n\t\t\t\t<section class=\"elementor-section elementor-top-section elementor-element elementor-element-a4f7349 elementor-section-content-middle elementor-section-boxed elementor-section-height-default elementor-section-height-default\" data-id=\"a4f7349\" data-element_type=\"section\">\n\t\t\t\t\t\t<div class=\"elementor-container elementor-column-gap-default\">\n\t\t\t\t\t<div class=\"elementor-column elementor-col-50 elementor-top-column elementor-element elementor-element-4e1856f\" data-id=\"4e1856f\" data-element_type=\"column\">\n\t\t\t<div class=\"elementor-widget-wrap elementor-element-populated\">\n\t\t\t\t\t\t<div class=\"elementor-element elementor-element-6849570 elementor-widget elementor-widget-tj-awards\" data-id=\"6849570\" data-element_type=\"widget\" data-widget_type=\"tj-awards.default\">\n\t\t\t\t<div class=\"elementor-widget-container\">\n\t\t\t\t\t\r\n<!-- fan section start -->\r\n<section class=\"fan-wrapper\">\r\n  <div class=\"row align-items-center\">\r\n    <div class=\"col-12\">\r\n      <div class=\"fan-left style-2\">\r\n        <div class=\"section__heading  wow fadeInUp\" data-wow-delay=\"300ms\">\r\n\r\n                      <h4 class=\"section_sub__title\">Certification professionnelle<\/h4>\r\n          \r\n          <h2 class=\"section_title\">Qualit\u00e9 et savoir-faire certifi\u00e9s <\/h2>\r\n                      <p>Contactez-nous d\u00e8s aujourd\u2019hui pour un devis gratuit et personnalis\u00e9, et d\u00e9couvrez comment prot\u00e9ger et valoriser votre toiture ou fa\u00e7ade.<\/p>\r\n                  <\/div>\r\n\r\n                  <div class=\"fan-awards d-flex flex-wrap justify-content-between\">\r\n                            <div class=\"award-item mt-30 wow fadeInUp \" data-wow-delay=\"0.3s\">\r\n                  <a href=\"#\" target=\"\" rel=\"\">\r\n                    <img decoding=\"async\" src=\"\" alt=\"\">\r\n                  <\/a>\r\n                <\/div>\r\n              \r\n          <\/div>\r\n        \r\n      <\/div>\r\n    <\/div>\r\n  <\/div>\r\n<\/section>\r\n<!-- fan section end -->\r\n\r\n\t\t\t\t<\/div>\n\t\t\t\t<\/div>\n\t\t\t\t\t<\/div>\n\t\t<\/div>\n\t\t\t\t<div class=\"elementor-column elementor-col-50 elementor-top-column elementor-element elementor-element-81dd5d4\" data-id=\"81dd5d4\" data-element_type=\"column\">\n\t\t\t<div class=\"elementor-widget-wrap elementor-element-populated\">\n\t\t\t\t\t\t<div class=\"elementor-element elementor-element-adc3b28 elementor-widget elementor-widget-tj-appointment-form\" data-id=\"adc3b28\" data-element_type=\"widget\" data-widget_type=\"tj-appointment-form.default\">\n\t\t\t\t<div class=\"elementor-widget-container\">\n\t\t\t\t\t\r\n<!-- fan section start -->\r\n<div class=\"appointment_form_section\">\r\n  <div class=\"fan-wrapper\">\r\n    <div class=\"tj__frome__widget tj__frome__widget_2 wow fadeInUp \" data-wow-delay=\"0.6s\">\r\n\r\n      <div class=\"tj__frome__head\">\r\n                  <h6 class=\"tj__frome_sub-title\">Contactez-nous<\/h6>\r\n                          <h3 class=\"tj__frome_title\">Demandez un DEVIS GRATUIT<\/h3>\r\n              <\/div>\r\n\r\n              <div class=\"tj__frome__body\">\r\n          \n<div class=\"wpcf7 no-js\" id=\"wpcf7-f603-o1\" lang=\"en-US\" dir=\"ltr\" data-wpcf7-id=\"603\">\n<div class=\"screen-reader-response\"><p role=\"status\" aria-live=\"polite\" aria-atomic=\"true\"><\/p> <ul><\/ul><\/div>\n<form action=\"\/index.php?rest_route=%2Fwp%2Fv2%2Fpages%2F17#wpcf7-f603-o1\" method=\"post\" class=\"wpcf7-form init\" aria-label=\"Contact form\" novalidate=\"novalidate\" data-status=\"init\">\n<fieldset class=\"hidden-fields-container\"><input type=\"hidden\" name=\"_wpcf7\" value=\"603\" \/><input type=\"hidden\" name=\"_wpcf7_version\" value=\"6.1.2\" \/><input type=\"hidden\" name=\"_wpcf7_locale\" value=\"en_US\" \/><input type=\"hidden\" name=\"_wpcf7_unit_tag\" value=\"wpcf7-f603-o1\" \/><input type=\"hidden\" name=\"_wpcf7_container_post\" value=\"0\" \/><input type=\"hidden\" name=\"_wpcf7_posted_data_hash\" value=\"\" \/>\n<\/fieldset>\n<div id=\"inspection3-form\">\n  <div class=\"row\">\n    <div class=\"col-sm-6\">\n      <div class=\"form-group\">\n<span class=\"wpcf7-form-control-wrap\" data-name=\"fname\"><input size=\"40\" maxlength=\"400\" class=\"wpcf7-form-control wpcf7-text wpcf7-validates-as-required form-control\" aria-required=\"true\" aria-invalid=\"false\" placeholder=\"Nom Pr\u00e9nom\" value=\"\" type=\"text\" name=\"fname\" \/><\/span>\n        <i class=\"fa-solid fa-user\"><\/i>\n      <\/div>\n    <\/div>\n    <div class=\"col-sm-6\">\n      <div class=\"form-group\">\n<span class=\"wpcf7-form-control-wrap\" data-name=\"phone\"><input size=\"40\" maxlength=\"400\" class=\"wpcf7-form-control wpcf7-tel wpcf7-validates-as-required wpcf7-text wpcf7-validates-as-tel form-control\" aria-required=\"true\" aria-invalid=\"false\" placeholder=\"T\u00e9l\u00e9phone\" value=\"\" type=\"tel\" name=\"phone\" \/><\/span>\n        <i class=\"fa-solid fa-phone\"><\/i>\n      <\/div>\n    <\/div>\n    <div class=\"col-sm-6\">\n      <div class=\"form-group\">\n<span class=\"wpcf7-form-control-wrap\" data-name=\"email\"><input size=\"40\" maxlength=\"400\" class=\"wpcf7-form-control wpcf7-email wpcf7-validates-as-required wpcf7-text wpcf7-validates-as-email form-control\" aria-required=\"true\" aria-invalid=\"false\" placeholder=\"Email\" value=\"\" type=\"email\" name=\"email\" \/><\/span>\n        <i class=\"fa-solid fa-envelope\"><\/i>\n      <\/div>\n    <\/div>\n    <div class=\"col-sm-6\">\n      <div class=\"form-group\">\n<span class=\"wpcf7-form-control-wrap\" data-name=\"location\"><input size=\"40\" maxlength=\"400\" class=\"wpcf7-form-control wpcf7-text wpcf7-validates-as-required form-control\" aria-required=\"true\" aria-invalid=\"false\" placeholder=\"Adresse\" value=\"\" type=\"text\" name=\"location\" \/><\/span>\n        <i class=\"fa-solid fa-location-dot\"><\/i>\n      <\/div>\n    <\/div>\n    <div class=\"col-12\">\n      <div class=\"form-group\">\n<span class=\"wpcf7-form-control-wrap\" data-name=\"message\"><textarea cols=\"40\" rows=\"10\" maxlength=\"2000\" class=\"wpcf7-form-control wpcf7-textarea wpcf7-validates-as-required form-control\" aria-required=\"true\" aria-invalid=\"false\" placeholder=\"D\u00e9taillez votre besoin\" name=\"message\"><\/textarea><\/span>\n      <\/div>\n    <\/div>\n    <div class=\"col-12\">\n      <div class=\"form-group\">\n<input class=\"wpcf7-form-control wpcf7-submit has-spinner form-control\" type=\"submit\" value=\"Envoyer\" \/>\n      <\/div>\n    <\/div>\n  <\/div>\n<\/div><div class=\"wpcf7-response-output\" aria-hidden=\"true\"><\/div>\n<\/form>\n<\/div>\n        <\/div>\r\n          <\/div>\r\n  <\/div>\r\n<\/div>\r\n<!-- fan section end -->\r\n\r\n\t\t\t\t<\/div>\n\t\t\t\t<\/div>\n\t\t\t\t\t<\/div>\n\t\t<\/div>\n\t\t\t\t\t<\/div>\n\t\t<\/section>\n\t\t\t\t<\/div>\n\t\t","protected":false},"excerpt":{"rendered":"<p>180+ D\u00e9capages et R\u00e9parations Services professionnels de toitures et fa\u00e7ades depuis 10 ans Avec ETS Noel, offrez une seconde jeunesse ! Sp\u00e9cialistes du nettoyage, du traitement et de la r\u00e9novation de toiture et fa\u00e7ade \u00e0 Ch\u00e2lons-en-Champagne, Reims et dans la Marne, nous sublimons et prot\u00e9geons vos surfaces avec des solutions durables, \u00e9cologiques et garanties. Solution [&hellip;]<\/p>\n","protected":false},"author":1,"featured_media":0,"parent":0,"menu_order":0,"comment_status":"closed","ping_status":"closed","template":"elementor_header_footer","meta":{"_acf_changed":false,"footnotes":""},"class_list":["post-17","page","type-page","status-publish","hentry"],"acf":[],"aioseo_notices":[],"_links":{"self":[{"href":"https:\/\/noel-couverture-facade.com\/index.php?rest_route=\/wp\/v2\/pages\/17","targetHints":{"allow":["GET"]}}],"collection":[{"href":"https:\/\/noel-couverture-facade.com\/index.php?rest_route=\/wp\/v2\/pages"}],"about":[{"href":"https:\/\/noel-couverture-facade.com\/index.php?rest_route=\/wp\/v2\/types\/page"}],"author":[{"embeddable":true,"href":"https:\/\/noel-couverture-facade.com\/index.php?rest_route=\/wp\/v2\/users\/1"}],"replies":[{"embeddable":true,"href":"https:\/\/noel-couverture-facade.com\/index.php?rest_route=%2Fwp%2Fv2%2Fcomments&post=17"}],"version-history":[{"count":6,"href":"https:\/\/noel-couverture-facade.com\/index.php?rest_route=\/wp\/v2\/pages\/17\/revisions"}],"predecessor-version":[{"id":2494,"href":"https:\/\/noel-couverture-facade.com\/index.php?rest_route=\/wp\/v2\/pages\/17\/revisions\/2494"}],"wp:attachment":[{"href":"https:\/\/noel-couverture-facade.com\/index.php?rest_route=%2Fwp%2Fv2%2Fmedia&parent=17"}],"curies":[{"name":"wp","href":"https:\/\/api.w.org\/{rel}","templated":true}]}}