{"id":1772,"date":"2023-12-05T06:49:07","date_gmt":"2023-12-05T06:49:07","guid":{"rendered":"https:\/\/themejunction.net\/wp\/rafter\/?page_id=1772"},"modified":"2025-10-31T03:17:49","modified_gmt":"2025-10-31T03:17:49","slug":"projects-layout-02","status":"publish","type":"page","link":"https:\/\/noel-couverture-facade.com\/?page_id=1772","title":{"rendered":"Nos r\u00e9alisations"},"content":{"rendered":"\t\t<div data-elementor-type=\"wp-page\" data-elementor-id=\"1772\" class=\"elementor elementor-1772\">\n\t\t\t\t\t\t<section class=\"elementor-section elementor-top-section elementor-element elementor-element-944ecdd elementor-section-boxed elementor-section-height-default elementor-section-height-default\" data-id=\"944ecdd\" data-element_type=\"section\">\n\t\t\t\t\t\t<div class=\"elementor-container elementor-column-gap-default\">\n\t\t\t\t\t<div class=\"elementor-column elementor-col-100 elementor-top-column elementor-element elementor-element-0b074a0\" data-id=\"0b074a0\" data-element_type=\"column\">\n\t\t\t<div class=\"elementor-widget-wrap elementor-element-populated\">\n\t\t\t\t\t\t<div class=\"elementor-element elementor-element-5969f38 tj_section_align elementor-align-center elementor-widget elementor-widget-tj-section-title\" data-id=\"5969f38\" data-element_type=\"widget\" data-widget_type=\"tj-section-title.default\">\n\t\t\t\t<div class=\"elementor-widget-container\">\n\t\t\t\t\t\r\n<div class=\"section__heading\">\r\n\r\n      <h4 class=\"section_sub__title\">Paracerque une fois vaut 1000 mots<\/h4>\r\n  \r\n  <h2 class=\"section_title\"> Explorez nos derni\u00e8res r\u00e9alisations ! \nNous fournissons un travail professionnel soign\u00e9 au meilleur rapport qualit\u00e9 prix.<\/h2>\r\n  <\/div>\r\n\r\n\t\t\t\t<\/div>\n\t\t\t\t<\/div>\n\t\t\t\t<div class=\"elementor-element elementor-element-c1ab1f2 elementor-widget elementor-widget-tj-projects-layout\" data-id=\"c1ab1f2\" data-element_type=\"widget\" data-widget_type=\"tj-projects-layout.default\">\n\t\t\t\t<div class=\"elementor-widget-container\">\n\t\t\t\t\t\r\n<!-- Portfolio section Start -->\r\n<section class=\"portfolio-wrapper portfolio-1 overflow-hidden\">\r\n  <div class=\"row\">\r\n\r\n    \r\n\r\n            <div class=\"col-lg-4 col-md-6\">\r\n          <div class=\"single-portfolio bg-cover wow fadeInUp \" data-wow-delay=\"0.6s\" data-bg-image=\"https:\/\/noel-couverture-facade.com\/wp-content\/uploads\/2026\/03\/IMG_1023-768x1024.jpg\">\r\n            <div class=\"portfolio-link\">\r\n              <a href=\"https:\/\/noel-couverture-facade.com\/wp-content\/uploads\/2026\/03\/IMG_1023-scaled.jpg\" data-fancybox=\"portfolio_gallery\" class=\"icons popup-project\">\r\n                <i class=\"flaticon-plus\"><\/i>\r\n              <\/a>\r\n\r\n              <a href=\"https:\/\/noel-couverture-facade.com\/?projects=gouttiere\">\r\n                <p>Goutti\u00e8re<\/p>\r\n              <\/a>\r\n\r\n            <\/div>\r\n            <div class=\"pot-shape\"><\/div>\r\n          <\/div>\r\n        <\/div>\r\n            <div class=\"col-lg-4 col-md-6\">\r\n          <div class=\"single-portfolio bg-cover wow fadeInUp \" data-wow-delay=\"0.6s\" data-bg-image=\"https:\/\/noel-couverture-facade.com\/wp-content\/uploads\/2025\/10\/2023-08-10.webp\">\r\n            <div class=\"portfolio-link\">\r\n              <a href=\"https:\/\/noel-couverture-facade.com\/wp-content\/uploads\/2025\/10\/2023-08-10.webp\" data-fancybox=\"portfolio_gallery\" class=\"icons popup-project\">\r\n                <i class=\"flaticon-plus\"><\/i>\r\n              <\/a>\r\n\r\n              <a href=\"https:\/\/noel-couverture-facade.com\/?projects=modern-pattern-style-6\">\r\n                <p>Nettoyage toiture<\/p>\r\n              <\/a>\r\n\r\n            <\/div>\r\n            <div class=\"pot-shape\"><\/div>\r\n          <\/div>\r\n        <\/div>\r\n            <div class=\"col-lg-4 col-md-6\">\r\n          <div class=\"single-portfolio bg-cover wow fadeInUp \" data-wow-delay=\"0.6s\" data-bg-image=\"https:\/\/noel-couverture-facade.com\/wp-content\/uploads\/2025\/10\/IMG_9783-768x1024.jpeg\">\r\n            <div class=\"portfolio-link\">\r\n              <a href=\"https:\/\/noel-couverture-facade.com\/wp-content\/uploads\/2025\/10\/IMG_9783-scaled.jpeg\" data-fancybox=\"portfolio_gallery\" class=\"icons popup-project\">\r\n                <i class=\"flaticon-plus\"><\/i>\r\n              <\/a>\r\n\r\n              <a href=\"https:\/\/noel-couverture-facade.com\/?projects=modern-pattern-style-5\">\r\n                <p>Nettoyage toiture et hydrofuge color\u00e9<\/p>\r\n              <\/a>\r\n\r\n            <\/div>\r\n            <div class=\"pot-shape\"><\/div>\r\n          <\/div>\r\n        <\/div>\r\n            <div class=\"col-lg-4 col-md-6\">\r\n          <div class=\"single-portfolio bg-cover wow fadeInUp \" data-wow-delay=\"0.6s\" data-bg-image=\"https:\/\/noel-couverture-facade.com\/wp-content\/uploads\/2025\/10\/2024-04-24.webp\">\r\n            <div class=\"portfolio-link\">\r\n              <a href=\"https:\/\/noel-couverture-facade.com\/wp-content\/uploads\/2025\/10\/2024-04-24.webp\" data-fancybox=\"portfolio_gallery\" class=\"icons popup-project\">\r\n                <i class=\"flaticon-plus\"><\/i>\r\n              <\/a>\r\n\r\n              <a href=\"https:\/\/noel-couverture-facade.com\/?projects=modern-pattern-style-4\">\r\n                <p>Couverture<\/p>\r\n              <\/a>\r\n\r\n            <\/div>\r\n            <div class=\"pot-shape\"><\/div>\r\n          <\/div>\r\n        <\/div>\r\n            <div class=\"col-lg-4 col-md-6\">\r\n          <div class=\"single-portfolio bg-cover wow fadeInUp \" data-wow-delay=\"0.6s\" data-bg-image=\"https:\/\/noel-couverture-facade.com\/wp-content\/uploads\/2025\/10\/2023-09-10.webp\">\r\n            <div class=\"portfolio-link\">\r\n              <a href=\"https:\/\/noel-couverture-facade.com\/wp-content\/uploads\/2025\/10\/2023-09-10.webp\" data-fancybox=\"portfolio_gallery\" class=\"icons popup-project\">\r\n                <i class=\"flaticon-plus\"><\/i>\r\n              <\/a>\r\n\r\n              <a href=\"https:\/\/noel-couverture-facade.com\/?projects=modern-pattern-style-3\">\r\n                <p>Nettoyage toiture et hydrofuge color\u00e9<\/p>\r\n              <\/a>\r\n\r\n            <\/div>\r\n            <div class=\"pot-shape\"><\/div>\r\n          <\/div>\r\n        <\/div>\r\n            <div class=\"col-lg-4 col-md-6\">\r\n          <div class=\"single-portfolio bg-cover wow fadeInUp \" data-wow-delay=\"0.6s\" data-bg-image=\"https:\/\/noel-couverture-facade.com\/wp-content\/uploads\/2025\/10\/2022-08-15.webp\">\r\n            <div class=\"portfolio-link\">\r\n              <a href=\"https:\/\/noel-couverture-facade.com\/wp-content\/uploads\/2025\/10\/2022-08-15.webp\" data-fancybox=\"portfolio_gallery\" class=\"icons popup-project\">\r\n                <i class=\"flaticon-plus\"><\/i>\r\n              <\/a>\r\n\r\n              <a href=\"https:\/\/noel-couverture-facade.com\/?projects=modern-pattern-style-2\">\r\n                <p>Nettoyage toiture<\/p>\r\n              <\/a>\r\n\r\n            <\/div>\r\n            <div class=\"pot-shape\"><\/div>\r\n          <\/div>\r\n        <\/div>\r\n    \r\n  <\/div>\r\n<\/section>\r\n<!-- Portfolio section End -->\r\n\r\n\t\t\t\t<\/div>\n\t\t\t\t<\/div>\n\t\t\t\t\t<\/div>\n\t\t<\/div>\n\t\t\t\t\t<\/div>\n\t\t<\/section>\n\t\t\t\t<\/div>\n\t\t","protected":false},"excerpt":{"rendered":"<p>Paracerque une fois vaut 1000 mots Explorez nos derni\u00e8res r\u00e9alisations ! Nous fournissons un travail professionnel soign\u00e9 au meilleur rapport qualit\u00e9 prix. Nettoyage toiture Nettoyage toiture et hydrofuge color\u00e9 Couverture Nettoyage toiture et hydrofuge color\u00e9 Nettoyage toiture Faitage<\/p>\n","protected":false},"author":1,"featured_media":0,"parent":0,"menu_order":0,"comment_status":"closed","ping_status":"closed","template":"elementor_header_footer","meta":{"_acf_changed":false,"footnotes":""},"class_list":["post-1772","page","type-page","status-publish","hentry"],"acf":[],"aioseo_notices":[],"_links":{"self":[{"href":"https:\/\/noel-couverture-facade.com\/index.php?rest_route=\/wp\/v2\/pages\/1772","targetHints":{"allow":["GET"]}}],"collection":[{"href":"https:\/\/noel-couverture-facade.com\/index.php?rest_route=\/wp\/v2\/pages"}],"about":[{"href":"https:\/\/noel-couverture-facade.com\/index.php?rest_route=\/wp\/v2\/types\/page"}],"author":[{"embeddable":true,"href":"https:\/\/noel-couverture-facade.com\/index.php?rest_route=\/wp\/v2\/users\/1"}],"replies":[{"embeddable":true,"href":"https:\/\/noel-couverture-facade.com\/index.php?rest_route=%2Fwp%2Fv2%2Fcomments&post=1772"}],"version-history":[{"count":4,"href":"https:\/\/noel-couverture-facade.com\/index.php?rest_route=\/wp\/v2\/pages\/1772\/revisions"}],"predecessor-version":[{"id":2489,"href":"https:\/\/noel-couverture-facade.com\/index.php?rest_route=\/wp\/v2\/pages\/1772\/revisions\/2489"}],"wp:attachment":[{"href":"https:\/\/noel-couverture-facade.com\/index.php?rest_route=%2Fwp%2Fv2%2Fmedia&parent=1772"}],"curies":[{"name":"wp","href":"https:\/\/api.w.org\/{rel}","templated":true}]}}